{"id":9108,"date":"2025-03-08T17:21:08","date_gmt":"2025-03-08T17:21:08","guid":{"rendered":"https:\/\/bigfunhobby.com\/butikk\/water-drops-easy\/"},"modified":"2025-12-04T11:01:16","modified_gmt":"2025-12-04T09:01:16","slug":"vatten-droppar-latt","status":"publish","type":"product","link":"https:\/\/bigfunhobby.com\/sv\/butikk\/water-drops-easy\/","title":{"rendered":"Water-Drops\u00ae \"l\u00e4tt\""},"content":{"rendered":"<p>Vill du v\u00e4cka liv i dina modeller med realistiska vattenscener? Water-Drops\u00ae \"easy\" \u00e4r den l\u00f6sning du har letat efter. Det h\u00e4r \u00e4r en produkt som g\u00f6r att du kan skapa otroligt realistiska vattenytor, oavsett om det \u00e4r sj\u00f6ar, floder, dammar eller hav p\u00e5 dina modellj\u00e4rnv\u00e4gar, plastmodeller och skeppsmodeller i tr\u00e4.<\/p>\n<p>Water-Drops\u00ae 'easy' \u00e4r kompatibel med alla de mest popul\u00e4ra skalorna, inklusive G, 1,0, H0, H0M, H0E, TT, N, Z. Detta ger dig flexibiliteten att anv\u00e4nda produkten i olika projekt och modeller.<\/p>\n<ul>\n<li><b>Produkt: <\/b>Water-Drops\u00ae \"l\u00e4tt\"<\/li>\n<li><b>Vikt: <\/b>150 gram<\/li>\n<li><b>Kompatibla skalor: <\/b>G, 1,0, H0, H0M, H0E, TT, N, Z<\/li>\n<\/ul>\n<p>Modellering har l\u00e4nge varit en popul\u00e4r hobby bland b\u00e5de vuxna och barn, och med Water-Drops\u00ae 'easy' kan du ta dina projekt till n\u00e4sta niv\u00e5. Oavsett om du \u00e4r en erfaren modellerare eller nyb\u00f6rjare kommer den h\u00e4r produkten att ge ditt arbete ett extra lager av realism.<\/p>\n<p>Tveka inte att utforska modelleringens v\u00e4rld. Med Water-Drops\u00ae 'easy' kan du skapa imponerande och realistiska vattenscener som ger liv \u00e5t dina modeller. <b>Boka nu<\/b> och ta dina modelleringsprojekt till nya h\u00f6jder!<\/p>","protected":false},"excerpt":{"rendered":"<p>Water-Drops\u00ae \"easy\" \u00e4r en utm\u00e4rkt l\u00f6sning f\u00f6r modellbyggare som vill skapa realistiska vattenscener p\u00e5 modellj\u00e4rnv\u00e4gar, plastmodeller och fartygsmodeller i tr\u00e4. Perfekt f\u00f6r alla skalor.<\/p>","protected":false},"featured_media":9107,"comment_status":"open","ping_status":"closed","template":"","meta":[],"product_brand":[109],"product_cat":[80],"product_tag":[],"class_list":{"0":"post-9108","1":"product","2":"type-product","3":"status-publish","4":"has-post-thumbnail","6":"product_brand-noch","7":"product_cat-noch-landskap-og-detaljer","9":"first","10":"instock","11":"taxable","12":"shipping-taxable","13":"purchasable","14":"product-type-simple"},"_links":{"self":[{"href":"https:\/\/bigfunhobby.com\/sv\/wp-json\/wp\/v2\/product\/9108","targetHints":{"allow":["GET"]}}],"collection":[{"href":"https:\/\/bigfunhobby.com\/sv\/wp-json\/wp\/v2\/product"}],"about":[{"href":"https:\/\/bigfunhobby.com\/sv\/wp-json\/wp\/v2\/types\/product"}],"replies":[{"embeddable":true,"href":"https:\/\/bigfunhobby.com\/sv\/wp-json\/wp\/v2\/comments?post=9108"}],"wp:featuredmedia":[{"embeddable":true,"href":"https:\/\/bigfunhobby.com\/sv\/wp-json\/wp\/v2\/media\/9107"}],"wp:attachment":[{"href":"https:\/\/bigfunhobby.com\/sv\/wp-json\/wp\/v2\/media?parent=9108"}],"wp:term":[{"taxonomy":"product_brand","embeddable":true,"href":"https:\/\/bigfunhobby.com\/sv\/wp-json\/wp\/v2\/product_brand?post=9108"},{"taxonomy":"product_cat","embeddable":true,"href":"https:\/\/bigfunhobby.com\/sv\/wp-json\/wp\/v2\/product_cat?post=9108"},{"taxonomy":"product_tag","embeddable":true,"href":"https:\/\/bigfunhobby.com\/sv\/wp-json\/wp\/v2\/product_tag?post=9108"}],"curies":[{"name":"wp","href":"https:\/\/api.w.org\/{rel}","templated":true}]}}