{"id":9114,"date":"2025-03-08T17:21:12","date_gmt":"2025-03-08T17:21:12","guid":{"rendered":"https:\/\/bigfunhobby.com\/butikk\/2k-water-gel-transparent\/"},"modified":"2025-12-04T11:01:16","modified_gmt":"2025-12-04T09:01:16","slug":"2k-water-gel-transparent","status":"publish","type":"product","link":"https:\/\/bigfunhobby.com\/sv\/butikk\/2k-water-gel-transparent\/","title":{"rendered":"2K Vattengel \"transparent\""},"content":{"rendered":"<p>Med 2K Water Gel &#8216;transparent&#8217;, tar modellbyggingen din et steg videre. Dette produktet tilbyr en fantastisk m\u00e5te \u00e5 lage realistiske vannscener p\u00e5, enten det er til dine plastmodeller, treskipsmodeller eller modelljernbane.<\/p>\n<p>Spesifikasjonene for 2K Water Gel &#8216;transparent&#8217; inkluderer en rekke forskjellige anvendelser, noe som gj\u00f8r den ideell for ulike typer modellbygging. Uansett hvilken skala eller type modell du jobber med, kan denne gelen hjelpe deg \u00e5 skape naturtro elementer og landskap.<\/p>\n<p>Produktet er laget av h\u00f8ykvalitets materialer, noe som sikrer langvarige og holdbare resultater. Den transparente gelen gir en realistisk vann-effekt, perfekt for \u00e5 gjenskape alt fra stillest\u00e5ende vann til livlige elver.<\/p>\n<p>Modellbygging har en lang og rik historie, og med 2K Water Gel &#8216;transparent&#8217; kan du bringe dine egne modeller til liv. Enten du er en erfaren entusiast eller en nybegynner, vil denne gelen gi deg muligheten til \u00e5 utforske nye niv\u00e5er av kreativitet i dine byggesett og modeller.<\/p>\n<p>Ikke g\u00e5 glipp av muligheten til \u00e5 gi modellene dine et unikt og realistisk preg. Ta skrittet videre i modellbyggingen din med 2K Water Gel &#8216;transparent&#8217;. Se hele utvalget v\u00e5rt og bestill n\u00e5!<\/p>","protected":false},"excerpt":{"rendered":"<p>2K Water Gel &#8216;transparent&#8217; er et uunnv\u00e6rlig tilbeh\u00f8r for modellbygging, perfekt for \u00e5 lage realistiske vannscener i dine byggesett og modelljernbane.<\/p>","protected":false},"featured_media":9113,"comment_status":"open","ping_status":"closed","template":"","meta":[],"product_brand":[109],"product_cat":[80],"product_tag":[],"class_list":{"0":"post-9114","1":"product","2":"type-product","3":"status-publish","4":"has-post-thumbnail","6":"product_brand-noch","7":"product_cat-noch-landskap-og-detaljer","9":"first","10":"instock","11":"taxable","12":"shipping-taxable","13":"purchasable","14":"product-type-simple"},"_links":{"self":[{"href":"https:\/\/bigfunhobby.com\/sv\/wp-json\/wp\/v2\/product\/9114","targetHints":{"allow":["GET"]}}],"collection":[{"href":"https:\/\/bigfunhobby.com\/sv\/wp-json\/wp\/v2\/product"}],"about":[{"href":"https:\/\/bigfunhobby.com\/sv\/wp-json\/wp\/v2\/types\/product"}],"replies":[{"embeddable":true,"href":"https:\/\/bigfunhobby.com\/sv\/wp-json\/wp\/v2\/comments?post=9114"}],"wp:featuredmedia":[{"embeddable":true,"href":"https:\/\/bigfunhobby.com\/sv\/wp-json\/wp\/v2\/media\/9113"}],"wp:attachment":[{"href":"https:\/\/bigfunhobby.com\/sv\/wp-json\/wp\/v2\/media?parent=9114"}],"wp:term":[{"taxonomy":"product_brand","embeddable":true,"href":"https:\/\/bigfunhobby.com\/sv\/wp-json\/wp\/v2\/product_brand?post=9114"},{"taxonomy":"product_cat","embeddable":true,"href":"https:\/\/bigfunhobby.com\/sv\/wp-json\/wp\/v2\/product_cat?post=9114"},{"taxonomy":"product_tag","embeddable":true,"href":"https:\/\/bigfunhobby.com\/sv\/wp-json\/wp\/v2\/product_tag?post=9114"}],"curies":[{"name":"wp","href":"https:\/\/api.w.org\/{rel}","templated":true}]}}