{"id":9116,"date":"2025-03-08T17:21:13","date_gmt":"2025-03-08T17:21:13","guid":{"rendered":"https:\/\/bigfunhobby.com\/butikk\/aqua-effects\/"},"modified":"2025-12-04T11:01:16","modified_gmt":"2025-12-04T09:01:16","slug":"aqua-effects","status":"publish","type":"product","link":"https:\/\/bigfunhobby.com\/sv\/butikk\/aqua-effects\/","title":{"rendered":"Aqua effekter"},"content":{"rendered":"<p>Aqua Effects er den ideelle l\u00f8sningen for \u00e5 bringe dine modellbyggesett til liv. Uansett om du jobber med en plastmodell, et treskipsbyggesett eller en modelljernbane, er dette produktet designet for \u00e5 gi deg muligheten til \u00e5 legge til en rekke realistiske vann- og v\u00e6reffekter.<\/p>\n<p><strong>Specifikationer:<\/strong><\/p>\n<ul>\n<li>Produkt: Aqua Effects<\/li>\n<li>Volum: 125 ml<\/li>\n<li>Passer til: G,1,0,H0,H0M,H0E,TT,N,Z modeller<\/li>\n<\/ul>\n<p>Det er ingen grenser for hva du kan oppn\u00e5 med Aqua Effects. Bruk det for \u00e5 lage alt fra skummete b\u00f8lger p\u00e5 et treskipsmodell til regndr\u00e5per p\u00e5 et modelljernbane-lokomotiv. Dette produktet gir deg muligheten til \u00e5 skape detaljrike og realistiske milj\u00f8er som vil imponere b\u00e5de deg selv og andre modellbyggere.<\/p>\n<p>Enten du er ny til modellbygging eller en erfaren entusiast, er Aqua Effects enkel \u00e5 bruke og kan hjelpe deg \u00e5 ta dine byggesett til neste niv\u00e5.<\/p>\n<p>S\u00e5 hvorfor vente? Ta modellbyggingen din et skritt videre med Aqua Effects. <strong>Boka nu<\/strong> og begynn \u00e5 utforske de utallige mulighetene dette produktet gir deg.<\/p>","protected":false},"excerpt":{"rendered":"<p>Aqua Effects er en essensiell detaljforsterker for modellbyggere, perfekt for \u00e5 legge til realistiske vann- og v\u00e6reffekter p\u00e5 dine byggesett.<\/p>","protected":false},"featured_media":9115,"comment_status":"open","ping_status":"closed","template":"","meta":[],"product_brand":[109],"product_cat":[80],"product_tag":[],"class_list":{"0":"post-9116","1":"product","2":"type-product","3":"status-publish","4":"has-post-thumbnail","6":"product_brand-noch","7":"product_cat-noch-landskap-og-detaljer","9":"first","10":"instock","11":"taxable","12":"shipping-taxable","13":"purchasable","14":"product-type-simple"},"_links":{"self":[{"href":"https:\/\/bigfunhobby.com\/sv\/wp-json\/wp\/v2\/product\/9116","targetHints":{"allow":["GET"]}}],"collection":[{"href":"https:\/\/bigfunhobby.com\/sv\/wp-json\/wp\/v2\/product"}],"about":[{"href":"https:\/\/bigfunhobby.com\/sv\/wp-json\/wp\/v2\/types\/product"}],"replies":[{"embeddable":true,"href":"https:\/\/bigfunhobby.com\/sv\/wp-json\/wp\/v2\/comments?post=9116"}],"wp:featuredmedia":[{"embeddable":true,"href":"https:\/\/bigfunhobby.com\/sv\/wp-json\/wp\/v2\/media\/9115"}],"wp:attachment":[{"href":"https:\/\/bigfunhobby.com\/sv\/wp-json\/wp\/v2\/media?parent=9116"}],"wp:term":[{"taxonomy":"product_brand","embeddable":true,"href":"https:\/\/bigfunhobby.com\/sv\/wp-json\/wp\/v2\/product_brand?post=9116"},{"taxonomy":"product_cat","embeddable":true,"href":"https:\/\/bigfunhobby.com\/sv\/wp-json\/wp\/v2\/product_cat?post=9116"},{"taxonomy":"product_tag","embeddable":true,"href":"https:\/\/bigfunhobby.com\/sv\/wp-json\/wp\/v2\/product_tag?post=9116"}],"curies":[{"name":"wp","href":"https:\/\/api.w.org\/{rel}","templated":true}]}}