{"id":9120,"date":"2025-03-08T17:21:16","date_gmt":"2025-03-08T17:21:16","guid":{"rendered":"https:\/\/bigfunhobby.com\/butikk\/artificial-water-xl\/"},"modified":"2025-12-04T11:01:16","modified_gmt":"2025-12-04T09:01:16","slug":"artificial-water-xl","status":"publish","type":"product","link":"https:\/\/bigfunhobby.com\/sv\/butikk\/artificial-water-xl\/","title":{"rendered":"Artificial Water XL"},"content":{"rendered":"<p>\u00d8nsker du \u00e5 tilf\u00f8re realistiske vannoverflater til dine modellhobbyprosjekter? Da er Artificial Water XL det perfekte produktet for deg. Med denne l\u00f8sningen kan du enkelt skape autentiske vannoverflater, enten det er en modelljernbane med en liten innsj\u00f8, et treskip som seiler p\u00e5 \u00e5pent hav, eller et fjernstyrt kj\u00f8ret\u00f8y som krysser en flod.<\/p>\n<ul>\n<li><strong>Produkt:<\/strong> Artificial Water XL<\/li>\n<li><strong>Volum:<\/strong> 500 ml<\/li>\n<li><strong>Skalaer:<\/strong> G,1,0,H0,H0M,H0E,TT,N,Z<\/li>\n<\/ul>\n<p>Artificial Water XL er laget av h\u00f8ykvalitets materialer, og gir et naturtro utseende til alle modellhobbyprosjekter. Det er enkelt \u00e5 p\u00e5f\u00f8re, og gir en overbevisende illusjon av vann. Enten du er en erfaren modellbygger eller en nybegynner, vil du finne dette produktet nyttig og enkelt \u00e5 bruke.<\/p>\n<p>Modellhobby har en rik historie, og det \u00e5 legge til realistiske detaljer som vann kan virkelig forbedre utseendet og f\u00f8lelsen av prosjektet ditt. Det kan v\u00e6re forskjellen mellom en vanlig modell og en som virkelig skiller seg ut.<\/p>\n<p>Enten du bygger en plastmodell, et treskipsmodell, et modelljernbanesett eller et fjernstyrt kj\u00f8ret\u00f8y, kan Artificial Water XL hjelpe deg med \u00e5 skape en mer troverdig og engasjerende opplevelse. Ikke vent, ta modellbyggingen til neste niv\u00e5 med Artificial Water XL. <strong>Boka nu!<\/strong><\/p>","protected":false},"excerpt":{"rendered":"<p>Artificial Water XL er et perfekt produkt for \u00e5 skape realistisk vann i byggesett og modellhobbyprosjekter. Passer til alle skalaer.<\/p>","protected":false},"featured_media":9119,"comment_status":"open","ping_status":"closed","template":"","meta":[],"product_brand":[109],"product_cat":[80],"product_tag":[],"class_list":{"0":"post-9120","1":"product","2":"type-product","3":"status-publish","4":"has-post-thumbnail","6":"product_brand-noch","7":"product_cat-noch-landskap-og-detaljer","9":"first","10":"instock","11":"taxable","12":"shipping-taxable","13":"purchasable","14":"product-type-simple"},"_links":{"self":[{"href":"https:\/\/bigfunhobby.com\/sv\/wp-json\/wp\/v2\/product\/9120","targetHints":{"allow":["GET"]}}],"collection":[{"href":"https:\/\/bigfunhobby.com\/sv\/wp-json\/wp\/v2\/product"}],"about":[{"href":"https:\/\/bigfunhobby.com\/sv\/wp-json\/wp\/v2\/types\/product"}],"replies":[{"embeddable":true,"href":"https:\/\/bigfunhobby.com\/sv\/wp-json\/wp\/v2\/comments?post=9120"}],"wp:featuredmedia":[{"embeddable":true,"href":"https:\/\/bigfunhobby.com\/sv\/wp-json\/wp\/v2\/media\/9119"}],"wp:attachment":[{"href":"https:\/\/bigfunhobby.com\/sv\/wp-json\/wp\/v2\/media?parent=9120"}],"wp:term":[{"taxonomy":"product_brand","embeddable":true,"href":"https:\/\/bigfunhobby.com\/sv\/wp-json\/wp\/v2\/product_brand?post=9120"},{"taxonomy":"product_cat","embeddable":true,"href":"https:\/\/bigfunhobby.com\/sv\/wp-json\/wp\/v2\/product_cat?post=9120"},{"taxonomy":"product_tag","embeddable":true,"href":"https:\/\/bigfunhobby.com\/sv\/wp-json\/wp\/v2\/product_tag?post=9120"}],"curies":[{"name":"wp","href":"https:\/\/api.w.org\/{rel}","templated":true}]}}