{"id":9122,"date":"2025-03-08T17:21:17","date_gmt":"2025-03-08T17:21:17","guid":{"rendered":"https:\/\/bigfunhobby.com\/butikk\/artificial-water-color\/"},"modified":"2025-12-04T11:01:16","modified_gmt":"2025-12-04T09:01:16","slug":"artificial-water-color","status":"publish","type":"product","link":"https:\/\/bigfunhobby.com\/sv\/butikk\/artificial-water-color\/","title":{"rendered":"Konstgjort vatten \"f\u00e4rg\""},"content":{"rendered":"<p>Bruk Artificial Water &#8216;color&#8217; for \u00e5 gi modellprosjektene dine en realistisk vannoverflate. Dette er et produkt som kan brukes p\u00e5 alle slags modeller, enten det er treskipsmodeller, plastmodeller, modelljernbane eller fjernstyrte kj\u00f8ret\u00f8y. Det gir en unik dybde og naturtro farge til vannoverflater.<\/p>\n<ul>\n<li>Produkt: Artificial Water &#8216;color&#8217;<\/li>\n<li>Kategori: Modellbygging<\/li>\n<li>Anvendelse: Treskipsmodeller, plastmodeller, modelljernbane, fjernstyrte kj\u00f8ret\u00f8y<\/li>\n<\/ul>\n<p>Artificial Water &#8216;color&#8217; er laget for \u00e5 gi en autentisk f\u00f8lelse til modellprosjektene dine. Enten du bygger en skalamodell av et skip eller en modelljernbane, vil dette produktet gi deg muligheten til \u00e5 skape realistiske vannoverflater. Den er ideell for b\u00e5de nybegynnere og erfarne modellbyggere.<\/p>\n<p>Dette produktet er enkelt \u00e5 bruke og tilpasser seg ethvert prosjekt. Det er ikke n\u00f8dvendig med noen spesielle verkt\u00f8y eller ferdigheter for \u00e5 bruke Artificial Water &#8216;color&#8217;. Du kan enkelt tilpasse fargen til ditt spesifikke behov. <\/p>\n<p>Modellbygging har lenge v\u00e6rt en popul\u00e6r hobby for b\u00e5de voksne og barn. Med Artificial Water &#8216;color&#8217;, kan du ta modellbyggingen til et nytt niv\u00e5 og skape enda mer realistiske og detaljerte modeller. <\/p>\n<p>Utforsk v\u00e5rt utvalg av modellbyggingsprodukter og finn alt du trenger for neste prosjekt. Artificial Water &#8216;color&#8217; er bare ett av mange produkter vi tilbyr for \u00e5 hjelpe deg med \u00e5 skape fantastiske modeller. Bestill n\u00e5 og begynn \u00e5 bygge ditt neste mesterverk!<\/p>","protected":false},"excerpt":{"rendered":"<p>Artificial Water &#8216;color&#8217; er perfekt for realistisk vann i modellbyggingsprosjekter som modelljernbane, treskip, plastmodeller og fjernstyrte kj\u00f8ret\u00f8y.<\/p>","protected":false},"featured_media":9121,"comment_status":"open","ping_status":"closed","template":"","meta":[],"product_brand":[109],"product_cat":[80],"product_tag":[],"class_list":{"0":"post-9122","1":"product","2":"type-product","3":"status-publish","4":"has-post-thumbnail","6":"product_brand-noch","7":"product_cat-noch-landskap-og-detaljer","9":"first","10":"instock","11":"taxable","12":"shipping-taxable","13":"purchasable","14":"product-type-simple"},"_links":{"self":[{"href":"https:\/\/bigfunhobby.com\/sv\/wp-json\/wp\/v2\/product\/9122","targetHints":{"allow":["GET"]}}],"collection":[{"href":"https:\/\/bigfunhobby.com\/sv\/wp-json\/wp\/v2\/product"}],"about":[{"href":"https:\/\/bigfunhobby.com\/sv\/wp-json\/wp\/v2\/types\/product"}],"replies":[{"embeddable":true,"href":"https:\/\/bigfunhobby.com\/sv\/wp-json\/wp\/v2\/comments?post=9122"}],"wp:featuredmedia":[{"embeddable":true,"href":"https:\/\/bigfunhobby.com\/sv\/wp-json\/wp\/v2\/media\/9121"}],"wp:attachment":[{"href":"https:\/\/bigfunhobby.com\/sv\/wp-json\/wp\/v2\/media?parent=9122"}],"wp:term":[{"taxonomy":"product_brand","embeddable":true,"href":"https:\/\/bigfunhobby.com\/sv\/wp-json\/wp\/v2\/product_brand?post=9122"},{"taxonomy":"product_cat","embeddable":true,"href":"https:\/\/bigfunhobby.com\/sv\/wp-json\/wp\/v2\/product_cat?post=9122"},{"taxonomy":"product_tag","embeddable":true,"href":"https:\/\/bigfunhobby.com\/sv\/wp-json\/wp\/v2\/product_tag?post=9122"}],"curies":[{"name":"wp","href":"https:\/\/api.w.org\/{rel}","templated":true}]}}