{"id":9154,"date":"2025-03-08T17:21:33","date_gmt":"2025-03-08T17:21:33","guid":{"rendered":"https:\/\/bigfunhobby.com\/butikk\/12011-fram-185\/"},"modified":"2026-04-11T16:40:16","modified_gmt":"2026-04-11T14:40:16","slug":"12011-ram-185","status":"publish","type":"product","link":"https:\/\/bigfunhobby.com\/sv\/butikk\/12011-fram-185\/","title":{"rendered":"12011 - FRAMSIDA 1:85"},"content":{"rendered":"<p>Detta \u00e4r en byggsats av det ber\u00f6mda polarforskningsfartyget Fram, speciellt utformad f\u00f6r dem som \u00e4lskar detaljerad modellering. Fram \u00e4r k\u00e4nt som ett av de tuffaste och mest ikoniska fartygen i historien om utforskningen av Arktis och Antarktis. Med den h\u00e4r byggsatsen kan du \u00e5teruppleva fartygets historia och utforska dess unika design.<\/p>\n<p><strong>Specifikationer:<\/strong><\/p>\n\n\n<p><\/p>\n\n\n\n<h2 class=\"wp-block-heading\">Tekniskt datablad Framskip-modell<\/h2>\n\n\n\n<p><strong>Skala<\/strong>: 1\/85<br><strong>Bredd<\/strong>: 205 mm<br><strong>H\u00f6jd<\/strong>: 441 mm<br><strong>L\u00e4ngd<\/strong>: 586 mm<br><br>Inklusive specialgjuten platta med b\u00e5tens namn.<br>Inkluderar grundl\u00e4ggande designst\u00f6d.<br><\/p>\n\n\n\n<p>Steg f\u00f6r steg\u00a0<a href=\"https:\/\/www.youtube.com\/playlist?list=PLrPwa5r7zKUyi17kRgqczVOoipZkGg1L7\" target=\"_blank\" rel=\"noopener\">videohandledning<\/a>.<\/p>\n\n\n\n<ul class=\"wp-block-list\">\n<li>Instruktioner p\u00e5 5 spr\u00e5k.<\/li>\n\n\n\n<li>Steg-f\u00f6r-steg HD-bilder.<\/li>\n\n\n\n<li>Reservdelslista med m\u00e5tt och material.<\/li>\n\n\n\n<li>IP-flik f\u00f6r att identifiera delar<\/li>\n\n\n\n<li>Skalenliga ritningar.<\/li>\n\n\n\n<li>Modell av h\u00f6g kvalitet.<\/li>\n\n\n\n<li>Livstids garanti.<\/li>\n<\/ul>\n\n\n\n<p>Renderingen av modellen \u00e4r&nbsp;<strong>trogen originalen<\/strong>. V\u00e5ra modeller av byggsatser&nbsp;<strong>tillhandah\u00e5ller alla n\u00f6dv\u00e4ndiga element<\/strong>&nbsp;att g\u00f6ra modellen av fartyget verklig, ner till de mest specifika marina detaljer som kan t\u00e4nkas.<\/p>\n\n\n\n<h2 class=\"wp-block-heading\">Fram-fartygets historia<\/h2>\n\n\n\n<p><strong>Framskipet<\/strong>&nbsp;var ett framst\u00e5ende norskt fartyg som konstruerades f\u00f6r att klara de extrema f\u00f6rh\u00e5llandena i&nbsp;<strong>polarexpeditioner<\/strong>&nbsp;i slutet av 1800-talet. Fartyget, som byggdes 1892, hade en f\u00f6rst\u00e4rkt konstruktion som gjorde att det kunde ta sig in i de og\u00e4stv\u00e4nliga omr\u00e5dena i Arktis och Antarktis. Under bef\u00e4l av den ber\u00f6mde&nbsp;<strong>Fridtjof Nansen<\/strong>&nbsp;Fram n\u00e5dde breddgrader som aldrig tidigare utforskats och var en nyckelfigur i s\u00f6kandet efter nya v\u00e4gar genom isen. Fartyget deltog senare i expeditionerna f\u00f6r uppt\u00e4cktsresanden&nbsp;<strong>Otto Sverdrup<\/strong>som kartlade outforskade omr\u00e5den i norra Kanada, och den legendariske&nbsp;<strong>Roald Amundsen<\/strong>som med hans hj\u00e4lp blev den f\u00f6rste mannen att n\u00e5&nbsp;<strong>Sydpolen<\/strong>&nbsp;i 1911.<\/p>\n\n\n\n<p>Tack vare sin&nbsp;<strong>Fram \u00e4r erk\u00e4nt som ett av de mest ber\u00f6mda polarforskningsfartygen i historien<\/strong>.<\/p>\n\n\n\n<h2 class=\"wp-block-heading\">H\u00e4r kan du se Framskeppet: Framskeppsmuseet i Oslo<\/h2>\n\n\n\n<p>Idag \u00e4r det&nbsp;<strong>historiska Framskipet<\/strong>, en emblem f\u00f6r de stora norska polarexpeditionerna,&nbsp;<strong>finns i Fram-museet i Oslo<\/strong>\u00e4r ett av de mest bes\u00f6kta och erk\u00e4nda museerna i staden. Detta prestigefyllda museum \u00e4r ett m\u00e5ste f\u00f6r resen\u00e4rer som \u00e4r intresserade av polarutforskning och sj\u00f6fartshistoria och erbjuder en unik upplevelse som kombinerar detaljerad information, uppslukande utst\u00e4llningar och m\u00f6jligheten att ta en n\u00e4rmare titt p\u00e5 det motst\u00e5ndskraftiga fartyg som trotsade isen i Arktis och Antarktis.<\/p>\n\n\n\n<p><strong>Frammuseet har blivit ett globalt landm\u00e4rke<\/strong>och \u00e5terspeglar arvet fr\u00e5n \u00e4ventyrare som Fridtjof Nansen och Roald Amundsen, vars prestationer&nbsp;<strong>bidragit till att \u00f6ka kunskapen om de mest avl\u00e4gsna omr\u00e5dena p\u00e5 planeten<\/strong>.<\/p>\n\n\n\n<p>Med den nya&nbsp;<strong>Front<\/strong>&nbsp;Med b\u00e5tmodelleringssatsen fr\u00e5n OcCre kan du troget \u00e5terskapa denna ikoniska del av polarutforskningen.<strong><\/strong>&nbsp;Njut av en unik upplevelse som hyllar ett fartyg som har satt sin pr\u00e4gel p\u00e5 historien och som forts\u00e4tter att inspirera alla som bes\u00f6ker Fram-museet i Oslo.<\/p>","protected":false},"excerpt":{"rendered":"<p>Modellbyggsats av det ikoniska polarforskningsfartyget Fram i skala 1:85. Perfekt f\u00f6r b\u00e5de nyb\u00f6rjare och erfarna modellbyggare.<\/p>","protected":false},"featured_media":9153,"comment_status":"open","ping_status":"closed","template":"","meta":[],"product_brand":[95],"product_cat":[67],"product_tag":[],"class_list":{"0":"post-9154","1":"product","2":"type-product","3":"status-publish","4":"has-post-thumbnail","6":"product_brand-occre","7":"product_cat-bater-occre","9":"first","10":"instock","11":"taxable","12":"shipping-taxable","13":"purchasable","14":"product-type-simple"},"_links":{"self":[{"href":"https:\/\/bigfunhobby.com\/sv\/wp-json\/wp\/v2\/product\/9154","targetHints":{"allow":["GET"]}}],"collection":[{"href":"https:\/\/bigfunhobby.com\/sv\/wp-json\/wp\/v2\/product"}],"about":[{"href":"https:\/\/bigfunhobby.com\/sv\/wp-json\/wp\/v2\/types\/product"}],"replies":[{"embeddable":true,"href":"https:\/\/bigfunhobby.com\/sv\/wp-json\/wp\/v2\/comments?post=9154"}],"wp:featuredmedia":[{"embeddable":true,"href":"https:\/\/bigfunhobby.com\/sv\/wp-json\/wp\/v2\/media\/9153"}],"wp:attachment":[{"href":"https:\/\/bigfunhobby.com\/sv\/wp-json\/wp\/v2\/media?parent=9154"}],"wp:term":[{"taxonomy":"product_brand","embeddable":true,"href":"https:\/\/bigfunhobby.com\/sv\/wp-json\/wp\/v2\/product_brand?post=9154"},{"taxonomy":"product_cat","embeddable":true,"href":"https:\/\/bigfunhobby.com\/sv\/wp-json\/wp\/v2\/product_cat?post=9154"},{"taxonomy":"product_tag","embeddable":true,"href":"https:\/\/bigfunhobby.com\/sv\/wp-json\/wp\/v2\/product_tag?post=9154"}],"curies":[{"name":"wp","href":"https:\/\/api.w.org\/{rel}","templated":true}]}}