{"id":9174,"date":"2025-03-08T17:21:40","date_gmt":"2025-03-08T17:21:40","guid":{"rendered":"https:\/\/bigfunhobby.com\/butikk\/53005d-diorama-lisboa\/"},"modified":"2026-03-03T12:26:28","modified_gmt":"2026-03-03T10:26:28","slug":"53005d-diorama-lisboa","status":"publish","type":"product","link":"https:\/\/bigfunhobby.com\/sv\/butikk\/53005d-diorama-lisboa\/","title":{"rendered":"53005D - Diorama Lissabon"},"content":{"rendered":"<p>Diorama Lisboa 53005D er mer enn bare et byggesett &#8211; det er en reise gjennom tid og sted. Dette settet gir deg muligheten til \u00e5 skape en detaljert miniatyrmodell av en pittoresk gate i det historiske sentrum av Lisboa, Portugal. Byggesettet transporterer deg til Alfama-distriktet, hvor du vil finne en smal brosteinsbelagt gate fylt med hverdagslige detaljer som skaper en autentisk atmosf\u00e6re.<\/p>\n<p>Det er klart at det beste milj\u00f8et for Lisboa-trikken er denne sjarmerende gaten i hovedstadens gamle kvartal. Diorama Lisboa er designet for \u00e5 komplementere Lisboa-trikken, som kan kj\u00f8pes separat.<\/p>\n<p>Byggesettet inneholder alt du trenger for \u00e5 bygge denne dioramaen. Installasjonsinstruksjonene kan du f\u00f8lge fra v\u00e5r blogg www.occremania.com. Her kan du laste ned instruksjonene i PDF-format, i hver av de forklarende innleggene.<\/p>\n<ul>\n<li>Produktkategori: Diorama\/Byggesett<\/li>\n<li>Produkt: Diorama Lisboa 53005D<\/li>\n<li>Tilgjengelige materialer: Inkludert i pakken<\/li>\n<li>Installasjonsinstruksjoner: Tilgjengelig p\u00e5 v\u00e5r blogg<\/li>\n<li>Spesifikasjoner: Lisboa-trikk er ikke inkludert, kan kj\u00f8pes separat<\/li>\n<\/ul>\n<p>Enten du er en erfaren modellbygger p\u00e5 jakt etter en ny utfordring, eller en nybegynner som \u00f8nsker \u00e5 dykke inn i verden av modellbygging, er Diorama Lisboa det perfekte valget for deg. Ta turen til det historiske Alfama-distriktet og opplev gleden ved modellbygging.<\/p>\n<p>G\u00e5 ikke glipp av denne muligheten til \u00e5 legge til et stykke av Lisboa til din modellsamling. Kj\u00f8p Diorama Lisboa i dag og begynn din modellbyggingsreise.<\/p>","protected":false},"excerpt":{"rendered":"<p>Diorama Lisboa er et detaljert byggesett som gir deg muligheten til \u00e5 gjenoppleve historien og sjarmen til Lisboa&#8217;s gamle kvartal. Perfekt for modellbyggere og entusiaster.<\/p>","protected":false},"featured_media":9173,"comment_status":"open","ping_status":"closed","template":"","meta":[],"product_brand":[95],"product_cat":[68],"product_tag":[],"class_list":{"0":"post-9174","1":"product","2":"type-product","3":"status-publish","4":"has-post-thumbnail","6":"product_brand-occre","7":"product_cat-togtrikk-occre","9":"first","10":"instock","11":"taxable","12":"shipping-taxable","13":"purchasable","14":"product-type-simple"},"_links":{"self":[{"href":"https:\/\/bigfunhobby.com\/sv\/wp-json\/wp\/v2\/product\/9174","targetHints":{"allow":["GET"]}}],"collection":[{"href":"https:\/\/bigfunhobby.com\/sv\/wp-json\/wp\/v2\/product"}],"about":[{"href":"https:\/\/bigfunhobby.com\/sv\/wp-json\/wp\/v2\/types\/product"}],"replies":[{"embeddable":true,"href":"https:\/\/bigfunhobby.com\/sv\/wp-json\/wp\/v2\/comments?post=9174"}],"wp:featuredmedia":[{"embeddable":true,"href":"https:\/\/bigfunhobby.com\/sv\/wp-json\/wp\/v2\/media\/9173"}],"wp:attachment":[{"href":"https:\/\/bigfunhobby.com\/sv\/wp-json\/wp\/v2\/media?parent=9174"}],"wp:term":[{"taxonomy":"product_brand","embeddable":true,"href":"https:\/\/bigfunhobby.com\/sv\/wp-json\/wp\/v2\/product_brand?post=9174"},{"taxonomy":"product_cat","embeddable":true,"href":"https:\/\/bigfunhobby.com\/sv\/wp-json\/wp\/v2\/product_cat?post=9174"},{"taxonomy":"product_tag","embeddable":true,"href":"https:\/\/bigfunhobby.com\/sv\/wp-json\/wp\/v2\/product_tag?post=9174"}],"curies":[{"name":"wp","href":"https:\/\/api.w.org\/{rel}","templated":true}]}}