{"id":9178,"date":"2025-03-08T17:21:42","date_gmt":"2025-03-08T17:21:42","guid":{"rendered":"https:\/\/bigfunhobby.com\/butikk\/12012-cisne-negro-black-swan\/"},"modified":"2026-03-03T12:26:28","modified_gmt":"2026-03-03T10:26:28","slug":"12012-cisne-negro-svart-svan","status":"publish","type":"product","link":"https:\/\/bigfunhobby.com\/sv\/butikk\/12012-cisne-negro-black-swan\/","title":{"rendered":"12012- Cisne Negro (Svart svan)"},"content":{"rendered":"<p>Dyk ner i historien med v\u00e5r tr\u00e4fartygsmodell \"12012- Cisne Negro\". Denna byggsats ger dig m\u00f6jlighet att bygga en exakt kopia av det \u00f6k\u00e4nda piratskeppet \"Black Swan\". Med sin elegans och skr\u00e4ckinjagande n\u00e4rvaro till sj\u00f6ss blev skeppet en legend som fruktades av b\u00e5de pirater och handelsm\u00e4n.<\/p>\n<p>Produktspecifikationer:<\/p>\n<ul>\n<li>Modell: CISNE NEGRO<\/li>\n<li>Produktkod: 12012<\/li>\n<li>EAN-kod: 8436032429014<\/li>\n<li>Skala: 1\/75<\/li>\n<li>L\u00e4ngd: 613 mm<\/li>\n<li>Bredd: 257 mm<\/li>\n<li>H\u00f6jd: 585 mm<\/li>\n<\/ul>\n<p>Denna tr\u00e4byggsats \u00e4r utformad f\u00f6r noggrannhet och detaljrikedom och ger timmar av engagerande och givande modellbygge f\u00f6r b\u00e5de vuxna och ungdomar. Det \u00e4r ett utm\u00e4rkt s\u00e4tt att utforska historien och samtidigt utveckla hantverks- och detaljf\u00e4rdigheter.<\/p>\n<p>Skeppet \"Black Swan\" \u00e4r k\u00e4nt f\u00f6r sin koppling till den \u00f6k\u00e4nde piraten kapten Tom Leach. P\u00e5 sin tid s\u00e5gs skeppet som en symbol f\u00f6r uppror och frihet, och det \u00e4r denna historia som du kan \u00e5teruppleva n\u00e4r du bygger din egen skeppsmodell i tr\u00e4.<\/p>\n<p>V\u00e4nta inte, ta del av denna sp\u00e4nnande del av sj\u00f6fartens historia. Best\u00e4ll din tr\u00e4fartygsmodell \"12012- Cisne Negro\" idag och kliv in i modelleringens v\u00e4rld.<\/p>","protected":false},"excerpt":{"rendered":"<p>12012- Cisne Negro\" \u00e4r en detaljerad skalmodell av det legendariska piratskeppet \"Black Swan\". Perfekt f\u00f6r b\u00e5de nyb\u00f6rjare och modellbyggarentusiaster.<\/p>","protected":false},"featured_media":9177,"comment_status":"open","ping_status":"closed","template":"","meta":[],"product_brand":[95],"product_cat":[67],"product_tag":[],"class_list":{"0":"post-9178","1":"product","2":"type-product","3":"status-publish","4":"has-post-thumbnail","6":"product_brand-occre","7":"product_cat-bater-occre","9":"first","10":"instock","11":"taxable","12":"shipping-taxable","13":"purchasable","14":"product-type-simple"},"_links":{"self":[{"href":"https:\/\/bigfunhobby.com\/sv\/wp-json\/wp\/v2\/product\/9178","targetHints":{"allow":["GET"]}}],"collection":[{"href":"https:\/\/bigfunhobby.com\/sv\/wp-json\/wp\/v2\/product"}],"about":[{"href":"https:\/\/bigfunhobby.com\/sv\/wp-json\/wp\/v2\/types\/product"}],"replies":[{"embeddable":true,"href":"https:\/\/bigfunhobby.com\/sv\/wp-json\/wp\/v2\/comments?post=9178"}],"wp:featuredmedia":[{"embeddable":true,"href":"https:\/\/bigfunhobby.com\/sv\/wp-json\/wp\/v2\/media\/9177"}],"wp:attachment":[{"href":"https:\/\/bigfunhobby.com\/sv\/wp-json\/wp\/v2\/media?parent=9178"}],"wp:term":[{"taxonomy":"product_brand","embeddable":true,"href":"https:\/\/bigfunhobby.com\/sv\/wp-json\/wp\/v2\/product_brand?post=9178"},{"taxonomy":"product_cat","embeddable":true,"href":"https:\/\/bigfunhobby.com\/sv\/wp-json\/wp\/v2\/product_cat?post=9178"},{"taxonomy":"product_tag","embeddable":true,"href":"https:\/\/bigfunhobby.com\/sv\/wp-json\/wp\/v2\/product_tag?post=9178"}],"curies":[{"name":"wp","href":"https:\/\/api.w.org\/{rel}","templated":true}]}}