{"id":9202,"date":"2025-03-08T17:21:47","date_gmt":"2025-03-08T17:21:47","guid":{"rendered":"https:\/\/bigfunhobby.com\/butikk\/180225m-linden-strip-bundle-manojo-tilo-2x5mm\/"},"modified":"2025-12-04T11:01:21","modified_gmt":"2025-12-04T09:01:21","slug":"180225m-lindband-bunt-manojo-tilo-2x5mm","status":"publish","type":"product","link":"https:\/\/bigfunhobby.com\/sv\/butikk\/180225m-linden-strip-bundle-manojo-tilo-2x5mm\/","title":{"rendered":"180225M - Lindbandsbunt \/ Manojo tilo 2x5mm"},"content":{"rendered":"<p>180225M - Linden strip bundle \u00e4r ett viktigt verktyg f\u00f6r alla entusiastiska modellbyggare. Satsen inneh\u00e5ller lindremsor p\u00e5 2x5 mm, vilket g\u00f6r dem idealiska f\u00f6r detaljarbete inom modellering. Oavsett om du \u00e4r en erfaren modellbyggare eller nyb\u00f6rjare kommer du att ha stor nytta av det h\u00e4r paketet med lindremsor i ditt arbete.<\/p>\n<p><strong>Specifikationer:<\/strong><\/p>\n<ul>\n<li>Produktnamn: 180225M - Paket med lindremsor<\/li>\n<li>Material: Lime tr\u00e4<\/li>\n<li>Dimensioner: 2x5 mm<\/li>\n<\/ul>\n<p>Den h\u00e4r produkten \u00e4r tillverkad av lindtr\u00e4, som \u00e4r k\u00e4nt f\u00f6r sin l\u00e5ga vikt och goda bearbetbarhet, vilket g\u00f6r det till ett utm\u00e4rkt material f\u00f6r modellering. Med lister av lindtr\u00e4 kan du skapa allt fr\u00e5n sm\u00e5 detaljer p\u00e5 skeppsmodeller i tr\u00e4 till st\u00f6rre strukturer i byggsatser i tr\u00e4.<\/p>\n<p>Modellering \u00e4r en hobby med en l\u00e5ng och rik historia. Fr\u00e5n de tidigaste modellerna i tr\u00e4 har denna konstform utvecklats till att omfatta en m\u00e4ngd olika material och tekniker. Linneband som dessa har alltid varit ett popul\u00e4rt material f\u00f6r modellbyggare eftersom de \u00e4r s\u00e5 m\u00e5ngsidiga och l\u00e4tta att anv\u00e4nda.<\/p>\n<p>Oavsett om du \u00e4r en erfaren modellbyggare eller nyb\u00f6rjare kommer 180225M - Linden strip bundle att ge dig vad du beh\u00f6ver f\u00f6r att ta dina byggprojekt till n\u00e4sta niv\u00e5. V\u00e4nta inte, best\u00e4ll ditt Linden strip bundle idag och b\u00f6rja utforska de o\u00e4ndliga m\u00f6jligheterna med modellering.<\/p>","protected":false},"excerpt":{"rendered":"<p>180225M - Linden strip bundle \u00e4r en upps\u00e4ttning 2x5 mm lindlister, perfekta f\u00f6r detaljarbete inom modellbygge och tr\u00e4fartygsmodellering.<\/p>","protected":false},"featured_media":9963,"comment_status":"open","ping_status":"closed","template":"","meta":[],"product_brand":[95],"product_cat":[73],"product_tag":[],"class_list":{"0":"post-9202","1":"product","2":"type-product","3":"status-publish","4":"has-post-thumbnail","6":"product_brand-occre","7":"product_cat-trebyggesett-treverk","9":"first","10":"outofstock","11":"taxable","12":"shipping-taxable","13":"purchasable","14":"product-type-simple"},"_links":{"self":[{"href":"https:\/\/bigfunhobby.com\/sv\/wp-json\/wp\/v2\/product\/9202","targetHints":{"allow":["GET"]}}],"collection":[{"href":"https:\/\/bigfunhobby.com\/sv\/wp-json\/wp\/v2\/product"}],"about":[{"href":"https:\/\/bigfunhobby.com\/sv\/wp-json\/wp\/v2\/types\/product"}],"replies":[{"embeddable":true,"href":"https:\/\/bigfunhobby.com\/sv\/wp-json\/wp\/v2\/comments?post=9202"}],"wp:featuredmedia":[{"embeddable":true,"href":"https:\/\/bigfunhobby.com\/sv\/wp-json\/wp\/v2\/media\/9963"}],"wp:attachment":[{"href":"https:\/\/bigfunhobby.com\/sv\/wp-json\/wp\/v2\/media?parent=9202"}],"wp:term":[{"taxonomy":"product_brand","embeddable":true,"href":"https:\/\/bigfunhobby.com\/sv\/wp-json\/wp\/v2\/product_brand?post=9202"},{"taxonomy":"product_cat","embeddable":true,"href":"https:\/\/bigfunhobby.com\/sv\/wp-json\/wp\/v2\/product_cat?post=9202"},{"taxonomy":"product_tag","embeddable":true,"href":"https:\/\/bigfunhobby.com\/sv\/wp-json\/wp\/v2\/product_tag?post=9202"}],"curies":[{"name":"wp","href":"https:\/\/api.w.org\/{rel}","templated":true}]}}