{"id":9208,"date":"2025-03-08T17:21:47","date_gmt":"2025-03-08T17:21:47","guid":{"rendered":"https:\/\/bigfunhobby.com\/butikk\/181007m-sapelli-sheet-bundle-manojo-chapa-sapelli-06x7mm\/"},"modified":"2025-12-04T11:01:21","modified_gmt":"2025-12-04T09:01:21","slug":"181007m-sapelli-ark-bunt-manojo-chapa-sapelli-06x7mm","status":"publish","type":"product","link":"https:\/\/bigfunhobby.com\/sv\/butikk\/181007m-sapelli-sheet-bundle-manojo-chapa-sapelli-06x7mm\/","title":{"rendered":"181007M - Bunt med sapelliark \/ Manojo chapa sapelli 0,6x7mm"},"content":{"rendered":"<p>V\u00e5r 181007M - Sapelli arkbunt best\u00e5r av h\u00f6gkvalitativa sapelli tr\u00e4ark som m\u00e4ter 0,6x7mm. Detta \u00e4r ett perfekt material f\u00f6r dem som \u00e4lskar detaljerad modellering, s\u00e4rskilt i tr\u00e4fartygsmodeller och andra tr\u00e4byggsatser.<\/p>\n<p><b>Specifikationer:<\/b><\/p>\n<ul>\n<li>Produktnamn: 181007M - Paket med Sapelli-ark<\/li>\n<li>Material: Sapelli-tr\u00e4<\/li>\n<li>Storlek: 0,6x7 mm<\/li>\n<\/ul>\n<p>Sapelli \u00e4r k\u00e4nt f\u00f6r sin styrka och h\u00e5llbarhet, vilket g\u00f6r det till ett utm\u00e4rkt val f\u00f6r att bygga fartygsmodeller i tr\u00e4. Dess naturliga f\u00e4rg och struktur ger modellerna ett autentiskt och realistiskt utseende, vilket \u00e4r mycket eftertraktat bland modellbyggare.<\/p>\n<p>Sapelli, \u00e4ven k\u00e4nt som Sapele, h\u00e4rstammar fr\u00e5n tropiska omr\u00e5den i Afrika. Dess egenskaper har gjort det till ett popul\u00e4rt alternativ till mahogny i modellering och andra tr\u00e4arbeten.<\/p>\n<p>Oavsett om du \u00e4r en erfaren modellbyggare eller nyb\u00f6rjare kommer v\u00e5rt Sapelli-arkpaket att ge dig det material du beh\u00f6ver f\u00f6r att skapa fantastiska och realistiska modeller. V\u00e4nta inte, ut\u00f6ka din samling och utforska de o\u00e4ndliga m\u00f6jligheterna med modellering med v\u00e5rt Sapelli-arkpaket. Best\u00e4ll nu!<\/p>","protected":false},"excerpt":{"rendered":"<p>181007M - Sapelli sheet bundle \u00e4r en upps\u00e4ttning 0,6x7 mm sapelli tr\u00e4skivor av h\u00f6g kvalitet, perfekt f\u00f6r detaljerad modellering och fartygsmodeller av tr\u00e4.<\/p>","protected":false},"featured_media":9964,"comment_status":"open","ping_status":"closed","template":"","meta":[],"product_brand":[95],"product_cat":[73],"product_tag":[],"class_list":{"0":"post-9208","1":"product","2":"type-product","3":"status-publish","4":"has-post-thumbnail","6":"product_brand-occre","7":"product_cat-trebyggesett-treverk","9":"first","10":"outofstock","11":"taxable","12":"shipping-taxable","13":"purchasable","14":"product-type-simple"},"_links":{"self":[{"href":"https:\/\/bigfunhobby.com\/sv\/wp-json\/wp\/v2\/product\/9208","targetHints":{"allow":["GET"]}}],"collection":[{"href":"https:\/\/bigfunhobby.com\/sv\/wp-json\/wp\/v2\/product"}],"about":[{"href":"https:\/\/bigfunhobby.com\/sv\/wp-json\/wp\/v2\/types\/product"}],"replies":[{"embeddable":true,"href":"https:\/\/bigfunhobby.com\/sv\/wp-json\/wp\/v2\/comments?post=9208"}],"wp:featuredmedia":[{"embeddable":true,"href":"https:\/\/bigfunhobby.com\/sv\/wp-json\/wp\/v2\/media\/9964"}],"wp:attachment":[{"href":"https:\/\/bigfunhobby.com\/sv\/wp-json\/wp\/v2\/media?parent=9208"}],"wp:term":[{"taxonomy":"product_brand","embeddable":true,"href":"https:\/\/bigfunhobby.com\/sv\/wp-json\/wp\/v2\/product_brand?post=9208"},{"taxonomy":"product_cat","embeddable":true,"href":"https:\/\/bigfunhobby.com\/sv\/wp-json\/wp\/v2\/product_cat?post=9208"},{"taxonomy":"product_tag","embeddable":true,"href":"https:\/\/bigfunhobby.com\/sv\/wp-json\/wp\/v2\/product_tag?post=9208"}],"curies":[{"name":"wp","href":"https:\/\/api.w.org\/{rel}","templated":true}]}}