{"id":9224,"date":"2025-03-08T17:21:51","date_gmt":"2025-03-08T17:21:51","guid":{"rendered":"https:\/\/bigfunhobby.com\/butikk\/90562-hms-victory-paints-pack-pack-pinturas\/"},"modified":"2026-03-23T18:47:31","modified_gmt":"2026-03-23T16:47:31","slug":"90562-hms-victory-paints-pack-pack-pinturas","status":"publish","type":"product","link":"https:\/\/bigfunhobby.com\/sv\/butikk\/90562-hms-victory-paints-pack-pack-pinturas\/","title":{"rendered":"90562 - HMS Victory f\u00e4rgf\u00f6rpackning \/ Pack pinturas"},"content":{"rendered":"<p> Om du \u00e4r intresserad av modellbygge och s\u00e4rskilt av skeppsmodeller i tr\u00e4, \u00e4r den h\u00e4r f\u00e4rgsatsen f\u00f6r HMS Victory perfekt f\u00f6r dig. Satsen inneh\u00e5ller alla n\u00f6dv\u00e4ndiga f\u00e4rger, kul\u00f6rer och lacker som du beh\u00f6ver f\u00f6r att g\u00f6ra din tr\u00e4skeppsmodell levande och realistisk. <\/p>\n<p> Det h\u00e4r \u00e4r inte vilket kit som helst, det \u00e4r speciellt utformat f\u00f6r HMS Victory, ett av historiens mest ber\u00f6mda fartyg. Med det h\u00e4r f\u00e4rgkitet kan du verkligen v\u00e4cka din modell till liv och g\u00f6ra den till en exakt representation av det verkliga fartyget. <\/p>\n<ul>\n<li> Setet inneh\u00e5ller 7 flaskor med olika f\u00e4rger och lacker. <\/li>\n<li> Med detta f\u00e4rgkit kan du l\u00e4gga till realistiska detaljer p\u00e5 din HMS Victory tr\u00e4fartygsmodell. <\/li>\n<li> Denna byggsats \u00e4r perfekt f\u00f6r b\u00e5de nyb\u00f6rjare och erfarna modellbyggare. <\/li>\n<\/ul>\n<p> HMS Victory \u00e4r ber\u00f6md f\u00f6r sin roll i slaget vid Trafalgar under Napoleonkrigen. D\u00e4rf\u00f6r \u00e4r detta f\u00e4rgset inte bara ett utm\u00e4rkt komplement till din modellhobby, utan ocks\u00e5 en m\u00f6jlighet att l\u00e4ra sig mer om historien. <\/p>\n<p> L\u00e4mna inte din HMS Victory tr\u00e4fartygsmodell ofullst\u00e4ndig. L\u00e4gg till det h\u00e4r f\u00e4rgkitet i din samling och upplev gl\u00e4djen av att se din modell komma till liv. K\u00f6p h\u00e4r och b\u00f6rja m\u00e5la idag! <\/p>","protected":false},"excerpt":{"rendered":"<p>HMS Victory f\u00e4rgsats inneh\u00e5ller alla n\u00f6dv\u00e4ndiga f\u00e4rger och lacker f\u00f6r att f\u00e4rdigst\u00e4lla din modell av ett tr\u00e4fartyg. Satsen best\u00e5r av 7 flaskor.<\/p>","protected":false},"featured_media":9223,"comment_status":"open","ping_status":"closed","template":"","meta":[],"product_brand":[95],"product_cat":[78],"product_tag":[],"class_list":{"0":"post-9224","1":"product","2":"type-product","3":"status-publish","4":"has-post-thumbnail","6":"product_brand-occre","7":"product_cat-occre-maling","9":"first","10":"outofstock","11":"taxable","12":"shipping-taxable","13":"purchasable","14":"product-type-simple"},"_links":{"self":[{"href":"https:\/\/bigfunhobby.com\/sv\/wp-json\/wp\/v2\/product\/9224","targetHints":{"allow":["GET"]}}],"collection":[{"href":"https:\/\/bigfunhobby.com\/sv\/wp-json\/wp\/v2\/product"}],"about":[{"href":"https:\/\/bigfunhobby.com\/sv\/wp-json\/wp\/v2\/types\/product"}],"replies":[{"embeddable":true,"href":"https:\/\/bigfunhobby.com\/sv\/wp-json\/wp\/v2\/comments?post=9224"}],"wp:featuredmedia":[{"embeddable":true,"href":"https:\/\/bigfunhobby.com\/sv\/wp-json\/wp\/v2\/media\/9223"}],"wp:attachment":[{"href":"https:\/\/bigfunhobby.com\/sv\/wp-json\/wp\/v2\/media?parent=9224"}],"wp:term":[{"taxonomy":"product_brand","embeddable":true,"href":"https:\/\/bigfunhobby.com\/sv\/wp-json\/wp\/v2\/product_brand?post=9224"},{"taxonomy":"product_cat","embeddable":true,"href":"https:\/\/bigfunhobby.com\/sv\/wp-json\/wp\/v2\/product_cat?post=9224"},{"taxonomy":"product_tag","embeddable":true,"href":"https:\/\/bigfunhobby.com\/sv\/wp-json\/wp\/v2\/product_tag?post=9224"}],"curies":[{"name":"wp","href":"https:\/\/api.w.org\/{rel}","templated":true}]}}