{"id":9232,"date":"2025-03-08T17:21:55","date_gmt":"2025-03-08T17:21:55","guid":{"rendered":"https:\/\/bigfunhobby.com\/butikk\/model-hedges-dark-green-2-pieces-15x08-cm-each-50-cm-long\/"},"modified":"2025-12-04T11:01:22","modified_gmt":"2025-12-04T09:01:22","slug":"model-hedges-dark-green-2-pieces-15x08-cm-each-50-cm-long","status":"publish","type":"product","link":"https:\/\/bigfunhobby.com\/sv\/butikk\/model-hedges-dark-green-2-pieces-15x08-cm-each-50-cm-long\/","title":{"rendered":"Model Hedges dark green, 2 pieces, 1,5&#215;0,8 cm, each 50 cm long"},"content":{"rendered":"<p>Utforsk en helt ny niv\u00e5 av modellbygging med v\u00e5re m\u00f8rkegr\u00f8nne modellhekker. Disse realistiske hekkene er ideelle for \u00e5 legge til detaljer og dybde i ditt landskapsdesign, enten det er for en modelljernbane, en skalamodell, eller et byggesett for voksne.<\/p>\n<p><strong>Specifikationer:<\/strong><\/p>\n<ul>\n<li>Produktnavn: Model Hedges dark green<\/li>\n<li>Antal: 2 st<\/li>\n<li>St\u00f8rrelse p\u00e5 hver: 1,5&#215;0,8 cm<\/li>\n<li>Lengde p\u00e5 hver: 50 cm<\/li>\n<\/ul>\n<p>Disse m\u00f8rkegr\u00f8nne modellhekkene er laget for \u00e5 se s\u00e5 realistiske ut som mulig, noe som gir en virkelig autentisk opplevelse av modellbygging. De er enkle \u00e5 plassere og flytte rundt p\u00e5, slik at du kan eksperimentere med forskjellige landskapsdesign til du finner det som passer best for ditt prosjekt.<\/p>\n<p>Modellbygging har en lang og rik historie, og landskapsdesign er en viktig del av denne tradisjonen. Ved \u00e5 legge til disse hekkene i ditt prosjekt, blir du en del av denne historien og bidrar til \u00e5 holde tradisjonen i live.<\/p>\n<p>Enten du er en erfaren modellbygger eller bare begynner, vil disse m\u00f8rkegr\u00f8nne modellhekkene gi ditt prosjekt det lille ekstra. Ikke vent &#8211; oppdag gleden ved detaljert modellbygging i dag. <a href='#'>Boka nu<\/a>.<\/p>","protected":false},"excerpt":{"rendered":"<p>Opplev ekte modellbygging med v\u00e5re m\u00f8rkegr\u00f8nne modellhekker, perfekt for landskapsdesign og detaljering av dine modellprosjekter.<\/p>","protected":false},"featured_media":9231,"comment_status":"open","ping_status":"closed","template":"","meta":[],"product_brand":[109],"product_cat":[80],"product_tag":[],"class_list":{"0":"post-9232","1":"product","2":"type-product","3":"status-publish","4":"has-post-thumbnail","6":"product_brand-noch","7":"product_cat-noch-landskap-og-detaljer","9":"first","10":"instock","11":"taxable","12":"shipping-taxable","13":"purchasable","14":"product-type-simple"},"_links":{"self":[{"href":"https:\/\/bigfunhobby.com\/sv\/wp-json\/wp\/v2\/product\/9232","targetHints":{"allow":["GET"]}}],"collection":[{"href":"https:\/\/bigfunhobby.com\/sv\/wp-json\/wp\/v2\/product"}],"about":[{"href":"https:\/\/bigfunhobby.com\/sv\/wp-json\/wp\/v2\/types\/product"}],"replies":[{"embeddable":true,"href":"https:\/\/bigfunhobby.com\/sv\/wp-json\/wp\/v2\/comments?post=9232"}],"wp:featuredmedia":[{"embeddable":true,"href":"https:\/\/bigfunhobby.com\/sv\/wp-json\/wp\/v2\/media\/9231"}],"wp:attachment":[{"href":"https:\/\/bigfunhobby.com\/sv\/wp-json\/wp\/v2\/media?parent=9232"}],"wp:term":[{"taxonomy":"product_brand","embeddable":true,"href":"https:\/\/bigfunhobby.com\/sv\/wp-json\/wp\/v2\/product_brand?post=9232"},{"taxonomy":"product_cat","embeddable":true,"href":"https:\/\/bigfunhobby.com\/sv\/wp-json\/wp\/v2\/product_cat?post=9232"},{"taxonomy":"product_tag","embeddable":true,"href":"https:\/\/bigfunhobby.com\/sv\/wp-json\/wp\/v2\/product_tag?post=9232"}],"curies":[{"name":"wp","href":"https:\/\/api.w.org\/{rel}","templated":true}]}}