{"id":9234,"date":"2025-03-08T17:21:55","date_gmt":"2025-03-08T17:21:55","guid":{"rendered":"https:\/\/bigfunhobby.com\/butikk\/model-hedges-green-2-pieces-1-x-06-cm-each-50-cm-long\/"},"modified":"2025-12-04T11:01:22","modified_gmt":"2025-12-04T09:01:22","slug":"model-hedges-green-2-pieces-1-x-06-cm-each-50-cm-long","status":"publish","type":"product","link":"https:\/\/bigfunhobby.com\/sv\/butikk\/model-hedges-green-2-pieces-1-x-06-cm-each-50-cm-long\/","title":{"rendered":"Model Hedges green, 2 pieces, 1 x 0,6 cm, each 50 cm long"},"content":{"rendered":"<p>\u00d8nsker du \u00e5 gi modelljernbanen eller skalamodellen din et realistisk og detaljert utseende? Da er disse gr\u00f8nne modellhekkene et ypperlig valg. De kommer i et sett med 2 stk, og hver hekk er 1 x 0,6 cm og 50 cm lang.<\/p>\n<p><strong>Specifikationer:<\/strong><\/p>\n<ul>\n<li>Produktnavn: Modellhekker gr\u00f8nn<\/li>\n<li>Antal: 2 st<\/li>\n<li>St\u00f8rrelse: 1 x 0,6 cm, hver 50 cm lang<\/li>\n<\/ul>\n<p>Med disse modellhekkene kan du enkelt skape en naturlig og realistisk setting for din modelljernbane, plastmodell eller treskipsmodell. Hekkene er laget av et materiale som gir et livaktig og naturtro utseende, noe som kan bidra til \u00e5 l\u00f8fte hele modellbyggingsprosjektet ditt til et nytt niv\u00e5.<\/p>\n<p>Modellbygging er en tradisjonsrik hobby som har gledet b\u00e5de barn og voksne i generasjoner. Enten du er en erfaren entusiast eller en nybegynner, vil disse hekkene kunne gi modellene dine et ekstra preg av autentisitet.<\/p>\n<p>Ikke vent, bestill disse flotte modellhekkene i dag og ta modellbyggingen din til nye h\u00f8yder!<\/p>","protected":false},"excerpt":{"rendered":"<p>Modellhekker i gr\u00f8nt, 2 stk, 1 x 0,6 cm, hver 50 cm lang, er perfekte for \u00e5 gi modelljernbanen eller skalamodellen din et realistisk preg.<\/p>","protected":false},"featured_media":9233,"comment_status":"open","ping_status":"closed","template":"","meta":[],"product_brand":[109],"product_cat":[80],"product_tag":[],"class_list":{"0":"post-9234","1":"product","2":"type-product","3":"status-publish","4":"has-post-thumbnail","6":"product_brand-noch","7":"product_cat-noch-landskap-og-detaljer","9":"first","10":"instock","11":"taxable","12":"shipping-taxable","13":"purchasable","14":"product-type-simple"},"_links":{"self":[{"href":"https:\/\/bigfunhobby.com\/sv\/wp-json\/wp\/v2\/product\/9234","targetHints":{"allow":["GET"]}}],"collection":[{"href":"https:\/\/bigfunhobby.com\/sv\/wp-json\/wp\/v2\/product"}],"about":[{"href":"https:\/\/bigfunhobby.com\/sv\/wp-json\/wp\/v2\/types\/product"}],"replies":[{"embeddable":true,"href":"https:\/\/bigfunhobby.com\/sv\/wp-json\/wp\/v2\/comments?post=9234"}],"wp:featuredmedia":[{"embeddable":true,"href":"https:\/\/bigfunhobby.com\/sv\/wp-json\/wp\/v2\/media\/9233"}],"wp:attachment":[{"href":"https:\/\/bigfunhobby.com\/sv\/wp-json\/wp\/v2\/media?parent=9234"}],"wp:term":[{"taxonomy":"product_brand","embeddable":true,"href":"https:\/\/bigfunhobby.com\/sv\/wp-json\/wp\/v2\/product_brand?post=9234"},{"taxonomy":"product_cat","embeddable":true,"href":"https:\/\/bigfunhobby.com\/sv\/wp-json\/wp\/v2\/product_cat?post=9234"},{"taxonomy":"product_tag","embeddable":true,"href":"https:\/\/bigfunhobby.com\/sv\/wp-json\/wp\/v2\/product_tag?post=9234"}],"curies":[{"name":"wp","href":"https:\/\/api.w.org\/{rel}","templated":true}]}}