{"id":9240,"date":"2025-03-08T17:21:56","date_gmt":"2025-03-08T17:21:56","guid":{"rendered":"https:\/\/bigfunhobby.com\/butikk\/iluminated-christmas-tree-snowy-with-30-leds-12-cm-high\/"},"modified":"2025-12-04T11:01:22","modified_gmt":"2025-12-04T09:01:22","slug":"iluminated-christmas-tree-snowy-with-30-leds-12-cm-high","status":"publish","type":"product","link":"https:\/\/bigfunhobby.com\/sv\/butikk\/iluminated-christmas-tree-snowy-with-30-leds-12-cm-high\/","title":{"rendered":"Iluminated Christmas Tree snowy, with 30 LEDs, 12 cm high"},"content":{"rendered":"<p>Du kan n\u00e5 f\u00e5 julestemning i miniatyr med v\u00e5r &#8216;Illuminated Christmas Tree&#8217;. Dette er en nydelig og detaljert modell av et juletre, komplett med et dryss av kunstig sn\u00f8. Det er pyntet med 30 LED-lys som virkelig lyser opp, noe som gir en ekstra magisk touch til julefeiringen din.<\/p>\n<p>Med en h\u00f8yde p\u00e5 12 cm, er denne juletre-modellen perfekt for \u00e5 bringe litt festlig stemning til modelljernbanespor, skalamodeller, eller ethvert miniatyrbyggprosjekt du har p\u00e5 gang.<\/p>\n<ul>\n<li>H\u00f8yde: 12 cm<\/li>\n<li>30 LED-lys<\/li>\n<li>Kunstig sn\u00f8<\/li>\n<\/ul>\n<p>Dette er en flott m\u00e5te \u00e5 kombinere kj\u00e6rligheten til modellbygging med julefeiringen. Uansett om du er en erfaren modellbygger eller en nybegynner, er dette en morsom og enkel m\u00e5te \u00e5 tilf\u00f8re litt ekstra juleglede til hobbyen din.<\/p>\n<p>Ikke vent til sn\u00f8en faller, bestill &#8216;Illuminated Christmas Tree&#8217; i dag og bring litt julemagi til modellbyggingen din!<\/p>","protected":false},"excerpt":{"rendered":"<p>Lys opp julen med v\u00e5r Illuminated Christmas Tree, en detaljert modell pyntet med 30 lysende LED-lys og drysset med falsk sn\u00f8. Med 12 cm h\u00f8yde er den perfekt for \u00e5 bringe festlig stemning til enhver modelljernbane eller miniatyrbygg.<\/p>","protected":false},"featured_media":9239,"comment_status":"open","ping_status":"closed","template":"","meta":[],"product_brand":[109],"product_cat":[80],"product_tag":[],"class_list":{"0":"post-9240","1":"product","2":"type-product","3":"status-publish","4":"has-post-thumbnail","6":"product_brand-noch","7":"product_cat-noch-landskap-og-detaljer","9":"first","10":"instock","11":"taxable","12":"shipping-taxable","13":"purchasable","14":"product-type-simple"},"_links":{"self":[{"href":"https:\/\/bigfunhobby.com\/sv\/wp-json\/wp\/v2\/product\/9240","targetHints":{"allow":["GET"]}}],"collection":[{"href":"https:\/\/bigfunhobby.com\/sv\/wp-json\/wp\/v2\/product"}],"about":[{"href":"https:\/\/bigfunhobby.com\/sv\/wp-json\/wp\/v2\/types\/product"}],"replies":[{"embeddable":true,"href":"https:\/\/bigfunhobby.com\/sv\/wp-json\/wp\/v2\/comments?post=9240"}],"wp:featuredmedia":[{"embeddable":true,"href":"https:\/\/bigfunhobby.com\/sv\/wp-json\/wp\/v2\/media\/9239"}],"wp:attachment":[{"href":"https:\/\/bigfunhobby.com\/sv\/wp-json\/wp\/v2\/media?parent=9240"}],"wp:term":[{"taxonomy":"product_brand","embeddable":true,"href":"https:\/\/bigfunhobby.com\/sv\/wp-json\/wp\/v2\/product_brand?post=9240"},{"taxonomy":"product_cat","embeddable":true,"href":"https:\/\/bigfunhobby.com\/sv\/wp-json\/wp\/v2\/product_cat?post=9240"},{"taxonomy":"product_tag","embeddable":true,"href":"https:\/\/bigfunhobby.com\/sv\/wp-json\/wp\/v2\/product_tag?post=9240"}],"curies":[{"name":"wp","href":"https:\/\/api.w.org\/{rel}","templated":true}]}}