{"id":9280,"date":"2025-03-08T17:22:07","date_gmt":"2025-03-08T17:22:07","guid":{"rendered":"https:\/\/bigfunhobby.com\/butikk\/gauge-h0-article-no-73400-interior-lighting-kit-with-led\/"},"modified":"2025-12-04T11:01:24","modified_gmt":"2025-12-04T09:01:24","slug":"gauge-h0-article-no-73400-interior-lighting-kit-with-led","status":"publish","type":"product","link":"https:\/\/bigfunhobby.com\/sv\/butikk\/gauge-h0-article-no-73400-interior-lighting-kit-with-led\/","title":{"rendered":"Gauge H0 &#8211; Article No. 73400 Interior lighting kit with LED"},"content":{"rendered":"<p>Forvandle dine modelljernbanevogner til sm\u00e5 mesterverk med Gauge H0 &#8211; Artikkel nr. 73400 interi\u00f8rbelysningssett med LED. Dette settet vil gi dine passasjervogner et koselig og autentisk utseende med sitt myke lys.<\/p>\n<p>Dette universelle kretskortet kommer med flere LED-lys og passer til de fleste passasjervogner i M\u00e4klin H0-serien. For korte vogner, som for eksempel Langenschwalbach-vogner, er ett 73400-sett n\u00f8dvendig. For lange vogner, som for eksempel UIC-x p\u00e5 28,2 cm lengde, trenger du to 73400-sett.<\/p>\n<p>Kretskortene kan kobles sammen i serie eller de kan forkortes. Monteringsutstyr er inkludert. Avhengig av vognens type, er 73404, 73405 eller 73406 plukkesko\/jordfj\u00e6r str\u00f8mforsyningsett, eller 72020 str\u00f8mf\u00f8rende kobling med 72050 jordfj\u00e6r n\u00f8dvendig.<\/p>\n<ul>\n<li>Produktkategori: Modellj\u00e4rnv\u00e4g<\/li>\n<li>Produktnavn: Gauge H0 &#8211; Artikkel nr. 73400 interi\u00f8rbelysningssett med LED<\/li>\n<li>Passer for: M\u00e4klin H0-serien<\/li>\n<li>Monteringsutstyr: Inkludert<\/li>\n<\/ul>\n<p>S\u00e5, om du er en erfaren modelljernbaneentusiast, eller en nybegynner p\u00e5 jakt etter kvalitetsprodukter for \u00e5 forbedre din skalamodelljernbane, kan dette interi\u00f8rbelysningssettet v\u00e6re akkurat det du trenger.<\/p>\n<p>Ikke vent, grip sjansen til \u00e5 gi dine modelljernbanevogner et realistisk og stemningsfullt preg. Bestill din Gauge H0 &#8211; Artikkel nr. 73400 interi\u00f8rbelysningssett med LED i dag!<\/p>","protected":false},"excerpt":{"rendered":"<p>Oppgrader dine modelljernbanevogner med Gauge H0 &#8211; Artikkel nr. 73400 interi\u00f8rbelysningssett med LED. Skap en koselig atmosf\u00e6re med mykt lys i dine passasjervogner.<\/p>","protected":false},"featured_media":9279,"comment_status":"open","ping_status":"closed","template":"","meta":[],"product_brand":[107],"product_cat":[72],"product_tag":[],"class_list":{"0":"post-9280","1":"product","2":"type-product","3":"status-publish","4":"has-post-thumbnail","6":"product_brand-marklin","7":"product_cat-marklin-h0-originalen","9":"first","10":"instock","11":"taxable","12":"shipping-taxable","13":"purchasable","14":"product-type-simple"},"_links":{"self":[{"href":"https:\/\/bigfunhobby.com\/sv\/wp-json\/wp\/v2\/product\/9280","targetHints":{"allow":["GET"]}}],"collection":[{"href":"https:\/\/bigfunhobby.com\/sv\/wp-json\/wp\/v2\/product"}],"about":[{"href":"https:\/\/bigfunhobby.com\/sv\/wp-json\/wp\/v2\/types\/product"}],"replies":[{"embeddable":true,"href":"https:\/\/bigfunhobby.com\/sv\/wp-json\/wp\/v2\/comments?post=9280"}],"wp:featuredmedia":[{"embeddable":true,"href":"https:\/\/bigfunhobby.com\/sv\/wp-json\/wp\/v2\/media\/9279"}],"wp:attachment":[{"href":"https:\/\/bigfunhobby.com\/sv\/wp-json\/wp\/v2\/media?parent=9280"}],"wp:term":[{"taxonomy":"product_brand","embeddable":true,"href":"https:\/\/bigfunhobby.com\/sv\/wp-json\/wp\/v2\/product_brand?post=9280"},{"taxonomy":"product_cat","embeddable":true,"href":"https:\/\/bigfunhobby.com\/sv\/wp-json\/wp\/v2\/product_cat?post=9280"},{"taxonomy":"product_tag","embeddable":true,"href":"https:\/\/bigfunhobby.com\/sv\/wp-json\/wp\/v2\/product_tag?post=9280"}],"curies":[{"name":"wp","href":"https:\/\/api.w.org\/{rel}","templated":true}]}}