{"id":9288,"date":"2025-03-08T17:22:12","date_gmt":"2025-03-08T17:22:12","guid":{"rendered":"https:\/\/bigfunhobby.com\/butikk\/gauge-z-article-no-81875-modern-freight-service-starter-set-with-a-class-285-diesel-locomotive\/"},"modified":"2025-12-04T11:01:24","modified_gmt":"2025-12-04T09:01:24","slug":"gauge-z-article-no-81875-modern-freight-service-starter-set-with-a-class-285-diesel-locomotive","status":"publish","type":"product","link":"https:\/\/bigfunhobby.com\/sv\/butikk\/gauge-z-article-no-81875-modern-freight-service-starter-set-with-a-class-285-diesel-locomotive\/","title":{"rendered":"Gauge Z &#8211; Article No 81875 &laquo;Modern Freight Service&raquo; Starter Set with a Class 285 Diesel Locomotive"},"content":{"rendered":"<p>Starter settet &#8216;Moderne Frakt Service&#8217; med klasse 285 diesellokomotiv er et ideelt valg for deg som er interessert i modelljernbane. Dette settet gir deg muligheten til \u00e5 bygge en autentisk modelljernbane med et h\u00f8ykvalitets diesellokomotiv og tre prototypiske godsvogner.<\/p>\n<p><strong>Specifikationer:<\/strong> Diesellokomotivet er en klasse 285 Rheincargo, komplett med tre VTG godsvogner: \u00e9n type Eaos \u00e5pen vogn, \u00e9n type Falns dumpvogn, og \u00e9n type Shimmns presenningvogn. Modellen og vognene fremst\u00e5r slik de gjorde i epoke VI.<\/p>\n<p><strong>Material:<\/strong> Lokomotivets ramme er konstruert i metall, mens lokomotivets kropp er laget av plast. Alle drivaksler er motoriserte. Toget har en total lengde p\u00e5 omtrent 265 mm. Settet inkluderer ogs\u00e5 et stort ovalt spor med seks rette spor seksjoner p\u00e5 110 mm, fire buede spor nummer 8520, og seks buede spor nummer 8521.<\/p>\n<p><strong>H\u00f6jdpunkter:<\/strong><\/p>\n<ul>\n<li>Lokomotivet inkluderer en motor med klokkeformet armatur.<\/li>\n<li>Et stort ovalt spor er inkludert.<\/li>\n<\/ul>\n<p>Dette settet gir deg alt du trenger for \u00e5 komme i gang med modelljernbanebygging. Spordiagrammet kan utvides med SET sporutvidelsessettene, varenumrene 8190 eller 8191, 8192, 8193, og 8194, eller som du \u00f8nsker.<\/p>\n<p>Unn deg selv gleden av \u00e5 bygge og drifte ditt eget modelltogsett. Opplev detaljrikdommen og autentisiteten i hver komponent. Starter settet &#8216;Moderne Frakt Service&#8217; med klasse 285 diesellokomotiv er klar for bestilling. Se v\u00e5rt utvalg og begynn din modelljernbanebygging i dag!<\/p>","protected":false},"excerpt":{"rendered":"<p>Starter settet &#8216;Moderne Frakt Service&#8217; med klasse 285 diesellokomotiv er et perfekt modelljernbanebyggesett for b\u00e5de nybegynnere og erfarne entusiaster. Settet inkluderer et detaljert lokomotiv og tre prototypiske godsvogner.<\/p>","protected":false},"featured_media":9287,"comment_status":"open","ping_status":"closed","template":"","meta":[],"product_brand":[107],"product_cat":[81,113],"product_tag":[],"class_list":{"0":"post-9288","1":"product","2":"type-product","3":"status-publish","4":"has-post-thumbnail","6":"product_brand-marklin","7":"product_cat-marklin-gauge-z","8":"product_cat-startersets","10":"first","11":"outofstock","12":"taxable","13":"shipping-taxable","14":"purchasable","15":"product-type-simple"},"_links":{"self":[{"href":"https:\/\/bigfunhobby.com\/sv\/wp-json\/wp\/v2\/product\/9288","targetHints":{"allow":["GET"]}}],"collection":[{"href":"https:\/\/bigfunhobby.com\/sv\/wp-json\/wp\/v2\/product"}],"about":[{"href":"https:\/\/bigfunhobby.com\/sv\/wp-json\/wp\/v2\/types\/product"}],"replies":[{"embeddable":true,"href":"https:\/\/bigfunhobby.com\/sv\/wp-json\/wp\/v2\/comments?post=9288"}],"wp:featuredmedia":[{"embeddable":true,"href":"https:\/\/bigfunhobby.com\/sv\/wp-json\/wp\/v2\/media\/9287"}],"wp:attachment":[{"href":"https:\/\/bigfunhobby.com\/sv\/wp-json\/wp\/v2\/media?parent=9288"}],"wp:term":[{"taxonomy":"product_brand","embeddable":true,"href":"https:\/\/bigfunhobby.com\/sv\/wp-json\/wp\/v2\/product_brand?post=9288"},{"taxonomy":"product_cat","embeddable":true,"href":"https:\/\/bigfunhobby.com\/sv\/wp-json\/wp\/v2\/product_cat?post=9288"},{"taxonomy":"product_tag","embeddable":true,"href":"https:\/\/bigfunhobby.com\/sv\/wp-json\/wp\/v2\/product_tag?post=9288"}],"curies":[{"name":"wp","href":"https:\/\/api.w.org\/{rel}","templated":true}]}}